{"id":1380,"date":"2023-08-08T18:13:49","date_gmt":"2023-08-08T18:13:49","guid":{"rendered":"https:\/\/infocizinci.cz\/?page_id=1380"},"modified":"2025-06-19T12:35:37","modified_gmt":"2025-06-19T12:35:37","slug":"%d0%bf%d0%be%d0%bc%d0%be%d1%87%d1%8c","status":"publish","type":"page","link":"https:\/\/infocizinci.cz\/ru\/%d0%bf%d0%be%d0%bc%d0%be%d1%87%d1%8c\/","title":{"rendered":"\u041a\u043e\u043d\u0442\u0430\u043a\u0442\u044b"},"content":{"rendered":"\n<div style=\"padding-left:6%;padding-right:6%\" class=\"wp-block-genesis-blocks-gb-container page-container gb-block-container\"><div class=\"gb-container-inside\"><div class=\"gb-container-content\" style=\"max-width:1140px\">\n<div style=\"padding-left:6%;padding-right:6%\" class=\"wp-block-genesis-blocks-gb-container page-container gb-block-container\"><div class=\"gb-container-inside\"><div class=\"gb-container-content\" style=\"max-width:1140px\">\n<section class=\"big-spacer-bottom big-spacer-top\">\n    <div class=\"health-offer\">\n        <div>\n\n\n            <h1 class=\"main-title\">\n                \u041a\u043e\u043d\u0442\u0430\u043a\u0442\u044b<br>\n\n            <\/h1><br><article>\n            \u0412\u044b \u043c\u043e\u0436\u0435\u0442\u0435 \u0441\u0432\u044f\u0437\u0430\u0442\u044c\u0441\u044f \u0441 \u043d\u0430\u043c\u0438 \u043f\u043e \u044d\u043b\u0435\u043a\u0442\u0440\u043e\u043d\u043d\u043e\u0439 \u043f\u043e\u0447\u0442\u0435, \u0442\u0435\u043b\u0435\u0444\u043e\u043d\u0443 \u0438\u043b\u0438 \u043b\u0438\u0447\u043d\u043e:<br>\nE: <a href=\"mailto:info@infocizinci.cz\">info@infocizinci.cz<\/a><br>\nT: <a href=\"tel:+420210012592\">+420 210 012 592<\/a>\n\n            <\/article><br>\n<div class=\"wp-block-genesis-blocks-gb-button gb-block-button\">\n                <a href=\"\/ru\/\" class=\"gb-button gb-button-shape-rounded gb-button-size-medium custom-button offers-button\"\n                    style=\"text-transform: uppercase\">\u0412\u0415\u0420\u041d\u0423\u0422\u042c\u0421\u042f \u041d\u0410 \u0413\u041b\u0410\u0412\u041d\u0423\u042e \u0421\u0422\u0420\u0410\u041d\u0418\u0426\u0423\n                    <div style=\"margin-left: 1rem\">\n                        <img loading=\"lazy\" decoding=\"async\" src=\"\/wp-content\/uploads\/2023\/08\/Vector-1.svg\" alt=\"arrow\" width=\"14\" height=\"14\">\n                    <\/div>\n                <\/a>\n            <\/div>\n        <\/div>\n    <\/div>\n<\/section>\n\n\n\n<h2 class=\"main-title\">\n                \u041f\u043e\u0441\u0435\u0442\u0438\u0442\u0435 \u043d\u0430\u0441 \u043f\u0440\u044f\u043c\u043e \u0432 \u0446\u0435\u043d\u0442\u0440\u0435 \u041f\u0440\u0430\u0433\u0438<br>\n\n            <\/h2><br><article>\n<div calss=\"big-spacer-bottom big-spacer-top\">\n  <div class=\"health-offer\">\n    <div>\n      <p>\n        <b>\u0422\u043e\u0440\u0433\u043e\u0432\u044b\u0439 \u0446\u0435\u043d\u0442\u0440 M\u00e1j N\u00e1rodn\u00ed 63\/26,<br> 110 00 \u041f\u0440\u0430\u0433\u0430, \u043f\u0435\u0440\u0432\u044b\u0439 \u044d\u0442\u0430\u0436<\/b><br><br>\n        <b>\u0427\u0430\u0441\u044b \u0440\u0430\u0431\u043e\u0442\u044b:<\/b><br>\n        \u041f\u041d 9:00\u201319:00<br>\n        \u0412\u0422 9:00\u201319:00<br>\n        \u0421\u0420 9:00\u201319:00<br>\n        \u0427\u0422 9:00\u201319:00<br>\n        \u041f\u0422 9:00\u201319:00<br>\n        \u0421\u0411 9:00\u201319:00<br>\n        \u0412\u0421 9:00\u201319:00<br><br>\n        <b>\u0422\u0435\u043b\u0435\u0444\u043e\u043d:<\/b><br> <a href=\"tel:+420790285180\">+420 790 285 180<\/a><br><br>\n\n        <b>\u042d\u043b\u0435\u043a\u0442\u0440\u043e\u043d\u043d\u0430\u044f \u043f\u043e\u0447\u0442\u0430:<\/b><br> <a href=\"mailto:maj@yespojisteni.cz\">maj@yespojisteni.cz<\/a><br>\n        <br><br>\n\n      <\/p>\n    <\/div>\n    <div>\n      <iframe\n        src=\"https:\/\/www.google.com\/maps\/embed?pb=!1m14!1m8!1m3!1d1280.103950386585!2d14.4191506!3d50.0823943!3m2!1i1024!2i768!4f13.1!3m3!1m2!1s0x470b9598fa8d9a4f%3A0x5399945ef7b311be!2sYesPojisteni.cz%20ze%20skupiny%20poji%C5%A1%C5%A5ovac%C3%ADho%20makl%C3%A9%C5%99e%20FaBrika!5e0!3m2!1scs!2ssk!4v1746391024802!5m2!1scs!2ssk\"\n        width=\"600\" height=\"450\" style=\"border:0;\" allowfullscreen=\"\" loading=\"lazy\"\n        referrerpolicy=\"no-referrer-when-downgrade\"><\/iframe>\n    <\/div>\n  <\/div>\n<\/div>\n<\/div><\/div><\/div>\n<\/div><\/div><\/div>\n","protected":false},"excerpt":{"rendered":"","protected":false},"author":1,"featured_media":3395,"parent":0,"menu_order":0,"comment_status":"closed","ping_status":"closed","template":"page-templates\/full-width.php","meta":{"inline_featured_image":false,"_genesis_hide_title":false,"_genesis_hide_breadcrumbs":false,"_genesis_hide_singular_image":false,"_genesis_hide_footer_widgets":false,"_genesis_custom_body_class":"","_genesis_custom_post_class":"","_genesis_layout":"","footnotes":""},"class_list":{"0":"post-1380","1":"page","2":"type-page","3":"status-publish","4":"has-post-thumbnail","6":"entry"},"yoast_head":"<!-- This site is optimized with the Yoast SEO plugin v23.9 - https:\/\/yoast.com\/wordpress\/plugins\/seo\/ -->\n<title>\u041a\u043e\u043d\u0442\u0430\u043a\u0442\u044b | InfoCizinci.cz<\/title>\n<meta name=\"description\" content=\"\u0422\u043e\u0440\u0433\u043e\u0432\u044b\u0439 \u0446\u0435\u043d\u0442\u0440 M\u00e1j N\u00e1rodn\u00ed 63\/26, \u041f\u0440\u0430\u0433\u0430 1, \u043f\u0435\u0440\u0432\u044b\u0439 \u044d\u0442\u0430\u0436. \u0412\u044b \u043c\u043e\u0436\u0435\u0442\u0435 \u0441\u0432\u044f\u0437\u0430\u0442\u044c\u0441\u044f \u0441 \u043d\u0430\u043c\u0438 \u043f\u043e \u044d\u043b\u0435\u043a\u0442\u0440\u043e\u043d\u043d\u043e\u0439 \u043f\u043e\u0447\u0442\u0435, \u0442\u0435\u043b\u0435\u0444\u043e\u043d\u0443 \u0438\u043b\u0438 \u043b\u0438\u0447\u043d\u043e.\" \/>\n<meta name=\"robots\" content=\"index, follow, max-snippet:-1, max-image-preview:large, max-video-preview:-1\" \/>\n<link rel=\"canonical\" href=\"https:\/\/infocizinci.cz\/ru\/%d0%bf%d0%be%d0%bc%d0%be%d1%87%d1%8c\/\" \/>\n<meta property=\"og:locale\" content=\"ru_RU\" \/>\n<meta property=\"og:type\" content=\"article\" \/>\n<meta property=\"og:title\" content=\"\u041a\u043e\u043d\u0442\u0430\u043a\u0442\u044b | InfoCizinci.cz\" \/>\n<meta property=\"og:description\" content=\"\u0422\u043e\u0440\u0433\u043e\u0432\u044b\u0439 \u0446\u0435\u043d\u0442\u0440 M\u00e1j N\u00e1rodn\u00ed 63\/26, \u041f\u0440\u0430\u0433\u0430 1, \u043f\u0435\u0440\u0432\u044b\u0439 \u044d\u0442\u0430\u0436. \u0412\u044b \u043c\u043e\u0436\u0435\u0442\u0435 \u0441\u0432\u044f\u0437\u0430\u0442\u044c\u0441\u044f \u0441 \u043d\u0430\u043c\u0438 \u043f\u043e \u044d\u043b\u0435\u043a\u0442\u0440\u043e\u043d\u043d\u043e\u0439 \u043f\u043e\u0447\u0442\u0435, \u0442\u0435\u043b\u0435\u0444\u043e\u043d\u0443 \u0438\u043b\u0438 \u043b\u0438\u0447\u043d\u043e.\" \/>\n<meta property=\"og:url\" content=\"https:\/\/infocizinci.cz\/ru\/%d0%bf%d0%be%d0%bc%d0%be%d1%87%d1%8c\/\" \/>\n<meta property=\"og:site_name\" content=\"InfoCizinci.cz\" \/>\n<meta property=\"article:modified_time\" content=\"2025-06-19T12:35:37+00:00\" \/>\n<meta property=\"og:image\" content=\"https:\/\/infocizinci.cz\/wp-content\/uploads\/2025\/06\/pobocka-Maj-scaled-2.jpg\" \/>\n\t<meta property=\"og:image:width\" content=\"1920\" \/>\n\t<meta property=\"og:image:height\" content=\"2560\" \/>\n\t<meta property=\"og:image:type\" content=\"image\/jpeg\" \/>\n<meta name=\"twitter:card\" content=\"summary_large_image\" \/>\n<meta name=\"twitter:label1\" content=\"\u041f\u0440\u0438\u043c\u0435\u0440\u043d\u043e\u0435 \u0432\u0440\u0435\u043c\u044f \u0434\u043b\u044f \u0447\u0442\u0435\u043d\u0438\u044f\" \/>\n\t<meta name=\"twitter:data1\" content=\"1 \u043c\u0438\u043d\u0443\u0442\u0430\" \/>\n<script type=\"application\/ld+json\" class=\"yoast-schema-graph\">{\"@context\":\"https:\/\/schema.org\",\"@graph\":[{\"@type\":\"WebPage\",\"@id\":\"https:\/\/infocizinci.cz\/ru\/%d0%bf%d0%be%d0%bc%d0%be%d1%87%d1%8c\/\",\"url\":\"https:\/\/infocizinci.cz\/ru\/%d0%bf%d0%be%d0%bc%d0%be%d1%87%d1%8c\/\",\"name\":\"\u041a\u043e\u043d\u0442\u0430\u043a\u0442\u044b | InfoCizinci.cz\",\"isPartOf\":{\"@id\":\"https:\/\/infocizinci.cz\/#website\"},\"primaryImageOfPage\":{\"@id\":\"https:\/\/infocizinci.cz\/ru\/%d0%bf%d0%be%d0%bc%d0%be%d1%87%d1%8c\/#primaryimage\"},\"image\":{\"@id\":\"https:\/\/infocizinci.cz\/ru\/%d0%bf%d0%be%d0%bc%d0%be%d1%87%d1%8c\/#primaryimage\"},\"thumbnailUrl\":\"https:\/\/infocizinci.cz\/wp-content\/uploads\/2025\/06\/pobocka-Maj-scaled-2.jpg\",\"datePublished\":\"2023-08-08T18:13:49+00:00\",\"dateModified\":\"2025-06-19T12:35:37+00:00\",\"description\":\"\u0422\u043e\u0440\u0433\u043e\u0432\u044b\u0439 \u0446\u0435\u043d\u0442\u0440 M\u00e1j N\u00e1rodn\u00ed 63\/26, \u041f\u0440\u0430\u0433\u0430 1, \u043f\u0435\u0440\u0432\u044b\u0439 \u044d\u0442\u0430\u0436. \u0412\u044b \u043c\u043e\u0436\u0435\u0442\u0435 \u0441\u0432\u044f\u0437\u0430\u0442\u044c\u0441\u044f \u0441 \u043d\u0430\u043c\u0438 \u043f\u043e \u044d\u043b\u0435\u043a\u0442\u0440\u043e\u043d\u043d\u043e\u0439 \u043f\u043e\u0447\u0442\u0435, \u0442\u0435\u043b\u0435\u0444\u043e\u043d\u0443 \u0438\u043b\u0438 \u043b\u0438\u0447\u043d\u043e.\",\"breadcrumb\":{\"@id\":\"https:\/\/infocizinci.cz\/ru\/%d0%bf%d0%be%d0%bc%d0%be%d1%87%d1%8c\/#breadcrumb\"},\"inLanguage\":\"ru-RU\",\"potentialAction\":[{\"@type\":\"ReadAction\",\"target\":[\"https:\/\/infocizinci.cz\/ru\/%d0%bf%d0%be%d0%bc%d0%be%d1%87%d1%8c\/\"]}]},{\"@type\":\"ImageObject\",\"inLanguage\":\"ru-RU\",\"@id\":\"https:\/\/infocizinci.cz\/ru\/%d0%bf%d0%be%d0%bc%d0%be%d1%87%d1%8c\/#primaryimage\",\"url\":\"https:\/\/infocizinci.cz\/wp-content\/uploads\/2025\/06\/pobocka-Maj-scaled-2.jpg\",\"contentUrl\":\"https:\/\/infocizinci.cz\/wp-content\/uploads\/2025\/06\/pobocka-Maj-scaled-2.jpg\",\"width\":1920,\"height\":2560},{\"@type\":\"BreadcrumbList\",\"@id\":\"https:\/\/infocizinci.cz\/ru\/%d0%bf%d0%be%d0%bc%d0%be%d1%87%d1%8c\/#breadcrumb\",\"itemListElement\":[{\"@type\":\"ListItem\",\"position\":1,\"name\":\"Dom\u016f\",\"item\":\"https:\/\/infocizinci.cz\/ru\/\"},{\"@type\":\"ListItem\",\"position\":2,\"name\":\"\u041a\u043e\u043d\u0442\u0430\u043a\u0442\u044b\"}]},{\"@type\":\"WebSite\",\"@id\":\"https:\/\/infocizinci.cz\/#website\",\"url\":\"https:\/\/infocizinci.cz\/\",\"name\":\"InfoCizinci\",\"description\":\"\u0418\u043d\u0444\u043e\u0440\u043c\u0430\u0446\u0438\u044f \u0434\u043b\u044f \u0438\u043d\u043e\u0441\u0442\u0440\u0430\u043d\u0446\u0435\u0432 \u0436\u0438\u0432\u0443\u0449\u0438\u0445 \u0432 \u0427\u0435\u0448\u0441\u043a\u043e\u0439 \u0440\u0435\u0441\u043f\u0443\u0431\u043b\u0438\u043a\u0435\",\"publisher\":{\"@id\":\"https:\/\/infocizinci.cz\/#organization\"},\"potentialAction\":[{\"@type\":\"SearchAction\",\"target\":{\"@type\":\"EntryPoint\",\"urlTemplate\":\"https:\/\/infocizinci.cz\/?s={search_term_string}\"},\"query-input\":{\"@type\":\"PropertyValueSpecification\",\"valueRequired\":true,\"valueName\":\"search_term_string\"}}],\"inLanguage\":\"ru-RU\"},{\"@type\":\"Organization\",\"@id\":\"https:\/\/infocizinci.cz\/#organization\",\"name\":\"Fabrika ads s.r.o.\",\"url\":\"https:\/\/infocizinci.cz\/\",\"logo\":{\"@type\":\"ImageObject\",\"inLanguage\":\"ru-RU\",\"@id\":\"https:\/\/infocizinci.cz\/#\/schema\/logo\/image\/\",\"url\":\"https:\/\/infocizinci.cz\/wp-content\/uploads\/2023\/08\/infoCizinci.cz_.svg\",\"contentUrl\":\"https:\/\/infocizinci.cz\/wp-content\/uploads\/2023\/08\/infoCizinci.cz_.svg\",\"width\":1123,\"height\":141,\"caption\":\"Fabrika ads s.r.o.\"},\"image\":{\"@id\":\"https:\/\/infocizinci.cz\/#\/schema\/logo\/image\/\"}}]}<\/script>\n<!-- \/ Yoast SEO plugin. -->","yoast_head_json":{"title":"\u041a\u043e\u043d\u0442\u0430\u043a\u0442\u044b | InfoCizinci.cz","description":"\u0422\u043e\u0440\u0433\u043e\u0432\u044b\u0439 \u0446\u0435\u043d\u0442\u0440 M\u00e1j N\u00e1rodn\u00ed 63\/26, \u041f\u0440\u0430\u0433\u0430 1, \u043f\u0435\u0440\u0432\u044b\u0439 \u044d\u0442\u0430\u0436. \u0412\u044b \u043c\u043e\u0436\u0435\u0442\u0435 \u0441\u0432\u044f\u0437\u0430\u0442\u044c\u0441\u044f \u0441 \u043d\u0430\u043c\u0438 \u043f\u043e \u044d\u043b\u0435\u043a\u0442\u0440\u043e\u043d\u043d\u043e\u0439 \u043f\u043e\u0447\u0442\u0435, \u0442\u0435\u043b\u0435\u0444\u043e\u043d\u0443 \u0438\u043b\u0438 \u043b\u0438\u0447\u043d\u043e.","robots":{"index":"index","follow":"follow","max-snippet":"max-snippet:-1","max-image-preview":"max-image-preview:large","max-video-preview":"max-video-preview:-1"},"canonical":"https:\/\/infocizinci.cz\/ru\/%d0%bf%d0%be%d0%bc%d0%be%d1%87%d1%8c\/","og_locale":"ru_RU","og_type":"article","og_title":"\u041a\u043e\u043d\u0442\u0430\u043a\u0442\u044b | InfoCizinci.cz","og_description":"\u0422\u043e\u0440\u0433\u043e\u0432\u044b\u0439 \u0446\u0435\u043d\u0442\u0440 M\u00e1j N\u00e1rodn\u00ed 63\/26, \u041f\u0440\u0430\u0433\u0430 1, \u043f\u0435\u0440\u0432\u044b\u0439 \u044d\u0442\u0430\u0436. \u0412\u044b \u043c\u043e\u0436\u0435\u0442\u0435 \u0441\u0432\u044f\u0437\u0430\u0442\u044c\u0441\u044f \u0441 \u043d\u0430\u043c\u0438 \u043f\u043e \u044d\u043b\u0435\u043a\u0442\u0440\u043e\u043d\u043d\u043e\u0439 \u043f\u043e\u0447\u0442\u0435, \u0442\u0435\u043b\u0435\u0444\u043e\u043d\u0443 \u0438\u043b\u0438 \u043b\u0438\u0447\u043d\u043e.","og_url":"https:\/\/infocizinci.cz\/ru\/%d0%bf%d0%be%d0%bc%d0%be%d1%87%d1%8c\/","og_site_name":"InfoCizinci.cz","article_modified_time":"2025-06-19T12:35:37+00:00","og_image":[{"width":1920,"height":2560,"url":"https:\/\/infocizinci.cz\/wp-content\/uploads\/2025\/06\/pobocka-Maj-scaled-2.jpg","type":"image\/jpeg"}],"twitter_card":"summary_large_image","twitter_misc":{"\u041f\u0440\u0438\u043c\u0435\u0440\u043d\u043e\u0435 \u0432\u0440\u0435\u043c\u044f \u0434\u043b\u044f \u0447\u0442\u0435\u043d\u0438\u044f":"1 \u043c\u0438\u043d\u0443\u0442\u0430"},"schema":{"@context":"https:\/\/schema.org","@graph":[{"@type":"WebPage","@id":"https:\/\/infocizinci.cz\/ru\/%d0%bf%d0%be%d0%bc%d0%be%d1%87%d1%8c\/","url":"https:\/\/infocizinci.cz\/ru\/%d0%bf%d0%be%d0%bc%d0%be%d1%87%d1%8c\/","name":"\u041a\u043e\u043d\u0442\u0430\u043a\u0442\u044b | InfoCizinci.cz","isPartOf":{"@id":"https:\/\/infocizinci.cz\/#website"},"primaryImageOfPage":{"@id":"https:\/\/infocizinci.cz\/ru\/%d0%bf%d0%be%d0%bc%d0%be%d1%87%d1%8c\/#primaryimage"},"image":{"@id":"https:\/\/infocizinci.cz\/ru\/%d0%bf%d0%be%d0%bc%d0%be%d1%87%d1%8c\/#primaryimage"},"thumbnailUrl":"https:\/\/infocizinci.cz\/wp-content\/uploads\/2025\/06\/pobocka-Maj-scaled-2.jpg","datePublished":"2023-08-08T18:13:49+00:00","dateModified":"2025-06-19T12:35:37+00:00","description":"\u0422\u043e\u0440\u0433\u043e\u0432\u044b\u0439 \u0446\u0435\u043d\u0442\u0440 M\u00e1j N\u00e1rodn\u00ed 63\/26, \u041f\u0440\u0430\u0433\u0430 1, \u043f\u0435\u0440\u0432\u044b\u0439 \u044d\u0442\u0430\u0436. \u0412\u044b \u043c\u043e\u0436\u0435\u0442\u0435 \u0441\u0432\u044f\u0437\u0430\u0442\u044c\u0441\u044f \u0441 \u043d\u0430\u043c\u0438 \u043f\u043e \u044d\u043b\u0435\u043a\u0442\u0440\u043e\u043d\u043d\u043e\u0439 \u043f\u043e\u0447\u0442\u0435, \u0442\u0435\u043b\u0435\u0444\u043e\u043d\u0443 \u0438\u043b\u0438 \u043b\u0438\u0447\u043d\u043e.","breadcrumb":{"@id":"https:\/\/infocizinci.cz\/ru\/%d0%bf%d0%be%d0%bc%d0%be%d1%87%d1%8c\/#breadcrumb"},"inLanguage":"ru-RU","potentialAction":[{"@type":"ReadAction","target":["https:\/\/infocizinci.cz\/ru\/%d0%bf%d0%be%d0%bc%d0%be%d1%87%d1%8c\/"]}]},{"@type":"ImageObject","inLanguage":"ru-RU","@id":"https:\/\/infocizinci.cz\/ru\/%d0%bf%d0%be%d0%bc%d0%be%d1%87%d1%8c\/#primaryimage","url":"https:\/\/infocizinci.cz\/wp-content\/uploads\/2025\/06\/pobocka-Maj-scaled-2.jpg","contentUrl":"https:\/\/infocizinci.cz\/wp-content\/uploads\/2025\/06\/pobocka-Maj-scaled-2.jpg","width":1920,"height":2560},{"@type":"BreadcrumbList","@id":"https:\/\/infocizinci.cz\/ru\/%d0%bf%d0%be%d0%bc%d0%be%d1%87%d1%8c\/#breadcrumb","itemListElement":[{"@type":"ListItem","position":1,"name":"Dom\u016f","item":"https:\/\/infocizinci.cz\/ru\/"},{"@type":"ListItem","position":2,"name":"\u041a\u043e\u043d\u0442\u0430\u043a\u0442\u044b"}]},{"@type":"WebSite","@id":"https:\/\/infocizinci.cz\/#website","url":"https:\/\/infocizinci.cz\/","name":"InfoCizinci","description":"\u0418\u043d\u0444\u043e\u0440\u043c\u0430\u0446\u0438\u044f \u0434\u043b\u044f \u0438\u043d\u043e\u0441\u0442\u0440\u0430\u043d\u0446\u0435\u0432 \u0436\u0438\u0432\u0443\u0449\u0438\u0445 \u0432 \u0427\u0435\u0448\u0441\u043a\u043e\u0439 \u0440\u0435\u0441\u043f\u0443\u0431\u043b\u0438\u043a\u0435","publisher":{"@id":"https:\/\/infocizinci.cz\/#organization"},"potentialAction":[{"@type":"SearchAction","target":{"@type":"EntryPoint","urlTemplate":"https:\/\/infocizinci.cz\/?s={search_term_string}"},"query-input":{"@type":"PropertyValueSpecification","valueRequired":true,"valueName":"search_term_string"}}],"inLanguage":"ru-RU"},{"@type":"Organization","@id":"https:\/\/infocizinci.cz\/#organization","name":"Fabrika ads s.r.o.","url":"https:\/\/infocizinci.cz\/","logo":{"@type":"ImageObject","inLanguage":"ru-RU","@id":"https:\/\/infocizinci.cz\/#\/schema\/logo\/image\/","url":"https:\/\/infocizinci.cz\/wp-content\/uploads\/2023\/08\/infoCizinci.cz_.svg","contentUrl":"https:\/\/infocizinci.cz\/wp-content\/uploads\/2023\/08\/infoCizinci.cz_.svg","width":1123,"height":141,"caption":"Fabrika ads s.r.o."},"image":{"@id":"https:\/\/infocizinci.cz\/#\/schema\/logo\/image\/"}}]}},"featured_image_src":"https:\/\/infocizinci.cz\/wp-content\/uploads\/2025\/06\/pobocka-Maj-scaled-2-600x400.jpg","featured_image_src_square":"https:\/\/infocizinci.cz\/wp-content\/uploads\/2025\/06\/pobocka-Maj-scaled-2-600x600.jpg","_links":{"self":[{"href":"https:\/\/infocizinci.cz\/ru\/wp-json\/wp\/v2\/pages\/1380","targetHints":{"allow":["GET"]}}],"collection":[{"href":"https:\/\/infocizinci.cz\/ru\/wp-json\/wp\/v2\/pages"}],"about":[{"href":"https:\/\/infocizinci.cz\/ru\/wp-json\/wp\/v2\/types\/page"}],"author":[{"embeddable":true,"href":"https:\/\/infocizinci.cz\/ru\/wp-json\/wp\/v2\/users\/1"}],"replies":[{"embeddable":true,"href":"https:\/\/infocizinci.cz\/ru\/wp-json\/wp\/v2\/comments?post=1380"}],"version-history":[{"count":9,"href":"https:\/\/infocizinci.cz\/ru\/wp-json\/wp\/v2\/pages\/1380\/revisions"}],"predecessor-version":[{"id":3406,"href":"https:\/\/infocizinci.cz\/ru\/wp-json\/wp\/v2\/pages\/1380\/revisions\/3406"}],"wp:featuredmedia":[{"embeddable":true,"href":"https:\/\/infocizinci.cz\/ru\/wp-json\/wp\/v2\/media\/3395"}],"wp:attachment":[{"href":"https:\/\/infocizinci.cz\/ru\/wp-json\/wp\/v2\/media?parent=1380"}],"curies":[{"name":"wp","href":"https:\/\/api.w.org\/{rel}","templated":true}]}}